{"id":813,"date":"2018-08-22T11:06:49","date_gmt":"2018-08-22T14:06:49","guid":{"rendered":"http:\/\/futebolkids.com.br\/novo\/?page_id=813"},"modified":"2018-08-22T11:17:43","modified_gmt":"2018-08-22T14:17:43","slug":"quem-somos","status":"publish","type":"page","link":"https:\/\/futebolkids.com.br\/?page_id=813","title":{"rendered":"Quem Somos"},"content":{"rendered":"<p>[vc_row el_class=&#8221;container columns-offset-30-max-width-768&#8243; css=&#8221;.vc_custom_1445953030672{margin-top: 60px !important;margin-bottom: 60px !important;}&#8221;][vc_column width=&#8221;5\/6&#8243;][vc_custom_heading text=&#8221;Quem Somos&#8221; font_container=&#8221;tag:h1|font_size:37|text_align:left&#8221; use_theme_fonts=&#8221;yes&#8221;][vc_separator color=&#8221;custom&#8221; accent_color=&#8221;#fdbd00&#8243; css=&#8221;.vc_custom_1444907826681{margin-bottom: 15px !important;}&#8221;][vc_column_text]Fechamos 2017 com muito trabalho como sempre. Migramos nosso programa para a plataforma do FACEBOOK e estreamos em 03\/04\/2017. Somamos neste trabalho mais de 45.000 visualiza\u00e7\u00f5es de noss programa &#8220;ao vivo&#8221; muito mais que o trabalho na TV. O crescimento e a valoriza\u00e7\u00e3o do trabalho foi muito acima do que esperavamos, principalmente com a interface dos comentarios que bateram a casa de 5.000 em todos os programa exibidos. Acertamos execu\u00e7\u00e3o e principalmente o trabalho de analise de tend\u00eancia que fortaleceu nossa marca dentro do FACEBOOK. Foi um ano marcado tamb\u00e9m pela cobertura dos campeonatos com as transmiss\u00e3o habituais de sempre pela plataforma YOUTUBE, mais chegando outubro estreamos tamb\u00e9m no FACEBOOK onde nossa 1\u00aa transmiss\u00e3o bateu a casa de 1,7M visualiza\u00e7\u00f5es. Focamos com mais afinco nas plataformas das midias sociais deixando de abastecer o site do FUTEBOLKIDS. Pedimos desculpas. Estamos voltando com for\u00e7a m\u00e1xima para 2018 continuarmos a levar a melhor informa\u00e7\u00e3o de base para voc\u00ea que aprecia nosso trabalho. Estaremos focados nas categorias de base, novamente com a cobertura da ta\u00e7a S\u00e3o Paulo em Janeiro sempre mostrando o melhor desta competi\u00e7\u00e3o com Botafogo FC e Comercial FC que s\u00e3o sedes novamente neste ano. Tamb\u00e9m vamos a todo vapor com a cobertura da Copa Paulista de Garotos que mais uma vez segue para mais uma edi\u00e7\u00e3o neste 1\u00ba.semestre de 2018. Aguarde nossas movimenta\u00e7\u00f5es para o ano.[\/vc_column_text][\/vc_column][vc_column width=&#8221;1\/6&#8243;][vc_empty_space height=&#8221;55px&#8221;][vc_single_image image=&#8221;817&#8243; img_size=&#8221;400&#215;400&#8243;][\/vc_column][\/vc_row]<\/p>\n","protected":false},"excerpt":{"rendered":"<p>[vc_row el_class=&#8221;container columns-offset-30-max-width-768&#8243; css=&#8221;.vc_custom_1445953030672{margin-top: 60px !important;margin-bottom: 60px !important;}&#8221;][vc_column width=&#8221;5\/6&#8243;][vc_custom_heading text=&#8221;Quem Somos&#8221; font_container=&#8221;tag:h1|font_size:37|text_align:left&#8221; use_theme_fonts=&#8221;yes&#8221;][vc_separator color=&#8221;custom&#8221; accent_color=&#8221;#fdbd00&#8243; css=&#8221;.vc_custom_1444907826681{margin-bottom: 15px !important;}&#8221;][vc_column_text]Fechamos 2017 com muito trabalho como sempre. Migramos nosso programa para a plataforma do FACEBOOK e estreamos em 03\/04\/2017. Somamos neste trabalho mais de 45.000 visualiza\u00e7\u00f5es de noss programa &#8220;ao vivo&#8221; muito mais que o trabalho na TV. [&hellip;]<\/p>\n","protected":false},"author":1,"featured_media":0,"parent":0,"menu_order":0,"comment_status":"closed","ping_status":"closed","template":"","meta":{"_custom_body_class":"","_custom_post_class":""},"_links":{"self":[{"href":"https:\/\/futebolkids.com.br\/index.php?rest_route=\/wp\/v2\/pages\/813"}],"collection":[{"href":"https:\/\/futebolkids.com.br\/index.php?rest_route=\/wp\/v2\/pages"}],"about":[{"href":"https:\/\/futebolkids.com.br\/index.php?rest_route=\/wp\/v2\/types\/page"}],"author":[{"embeddable":true,"href":"https:\/\/futebolkids.com.br\/index.php?rest_route=\/wp\/v2\/users\/1"}],"replies":[{"embeddable":true,"href":"https:\/\/futebolkids.com.br\/index.php?rest_route=%2Fwp%2Fv2%2Fcomments&post=813"}],"version-history":[{"count":11,"href":"https:\/\/futebolkids.com.br\/index.php?rest_route=\/wp\/v2\/pages\/813\/revisions"}],"predecessor-version":[{"id":825,"href":"https:\/\/futebolkids.com.br\/index.php?rest_route=\/wp\/v2\/pages\/813\/revisions\/825"}],"wp:attachment":[{"href":"https:\/\/futebolkids.com.br\/index.php?rest_route=%2Fwp%2Fv2%2Fmedia&parent=813"}],"curies":[{"name":"wp","href":"https:\/\/api.w.org\/{rel}","templated":true}]}}